{"id":209,"date":"2025-10-17T12:35:57","date_gmt":"2025-10-17T10:35:57","guid":{"rendered":"https:\/\/xn--bhler-schreinerei-22b.ch\/?page_id=209"},"modified":"2025-11-03T19:15:43","modified_gmt":"2025-11-03T17:15:43","slug":"impressum","status":"publish","type":"page","link":"https:\/\/xn--bhler-schreinerei-22b.ch\/?page_id=209","title":{"rendered":"Impressum\u00a0"},"content":{"rendered":"\t\t<div data-elementor-type=\"wp-page\" data-elementor-id=\"209\" class=\"elementor elementor-209\" data-elementor-post-type=\"page\">\n\t\t\t\t<div class=\"elementor-element elementor-element-eb1b72d e-flex e-con-boxed e-con e-parent\" data-id=\"eb1b72d\" data-element_type=\"container\" data-e-type=\"container\">\n\t\t\t\t\t<div class=\"e-con-inner\">\n\t\t\t\t<div class=\"elementor-element elementor-element-bc82873 elementor-widget elementor-widget-heading\" data-id=\"bc82873\" data-element_type=\"widget\" data-e-type=\"widget\" data-widget_type=\"heading.default\">\n\t\t\t\t\t<h2 class=\"elementor-heading-title elementor-size-default\">IMPRESSUM<\/h2>\t\t\t\t<\/div>\n\t\t\t\t\t<\/div>\n\t\t\t\t<\/div>\n\t\t<div class=\"elementor-element elementor-element-2fc3c0c e-flex e-con-boxed e-con e-parent\" data-id=\"2fc3c0c\" data-element_type=\"container\" data-e-type=\"container\">\n\t\t\t\t\t<div class=\"e-con-inner\">\n\t\t<div class=\"elementor-element elementor-element-73ea59e e-con-full e-flex e-con e-child\" data-id=\"73ea59e\" data-element_type=\"container\" data-e-type=\"container\">\n\t\t\t\t<div class=\"elementor-element elementor-element-855dfab elementor-widget elementor-widget-text-editor\" data-id=\"855dfab\" data-element_type=\"widget\" data-e-type=\"widget\" data-widget_type=\"text-editor.default\">\n\t\t\t\t\t\t\t\t\t<p><strong>Adresse<br \/><\/strong>B\u00fchler Schreinerei GmbH<br \/>Innerfeld 53<br \/>9606 B\u00fctschwil<br \/>+41 71 983 15 51<\/p><p><strong>Rechtsform<\/strong><br \/>Gesellschaft mit beschr\u00e4nkter Haftung (GmbH)<\/p><p><strong>Gesch\u00e4ftsf\u00fchrer<\/strong><br \/>Marco B\u00fchler<\/p><p>Handelsregisternummer<br \/>CH-320-4100359-0<\/p><p>Mehrwertsteuernummer (UID)<br \/>\u00a0CHE-236.690.928<\/p>\t\t\t\t\t\t\t\t<\/div>\n\t\t\t\t<\/div>\n\t\t<div class=\"elementor-element elementor-element-5f9b140 e-con-full e-flex e-con e-child\" data-id=\"5f9b140\" data-element_type=\"container\" data-e-type=\"container\">\n\t\t\t\t<div class=\"elementor-element elementor-element-b7b5b6b elementor-widget elementor-widget-text-editor\" data-id=\"b7b5b6b\" data-element_type=\"widget\" data-e-type=\"widget\" data-widget_type=\"text-editor.default\">\n\t\t\t\t\t\t\t\t\t<p><strong>Haftungsausschluss<\/strong><br>Es wird keinerlei Gew\u00e4hr hinsichtlich der inhaltlichen Richtigkeit, Genauigkeit, Aktualit\u00e4t, Zuverl\u00e4ssigkeit und Vollst\u00e4ndigkeit der Informationen \u00fcbernommen.<\/p>\n<p>Haftungsanspr\u00fcche wegen Sch\u00e4den materieller oder immaterieller Art, welche aus dem Zugriff oder der Nutzung bzw. Nichtnutzung der ver\u00f6ffentlichten Informationen, durch Missbrauch der Verbindung oder durch technische St\u00f6rungen entstanden sind, werden, soweit gesetzlich zul\u00e4ssig, ausgeschlossen.<\/p>\n<p><strong>Externe Links<\/strong><br>Trotz sorgf\u00e4ltiger inhaltlicher Kontrolle \u00fcbernehmen wir keine Haftung f\u00fcr die Inhalte externer Links. F\u00fcr den Inhalt der verlinkten Seiten sind ausschliesslich deren Betreiberinnen und Betreiber verantwortlich.<\/p>\n<p><strong>Copyright<\/strong><br>Die \u00dcbernahme und Nutzung der Texte, Bilder, Video, Darstellungen und Daten ist untersagt, es sei denn, das die Firma B\u00fchler Schreinerei GmbH ihre Zustimmung erteilt. Das Logo und die Farbkompositionen d\u00fcrfen nicht anderweitig eingesetzt werden.<\/p>\n<p><strong>Urheberrechte<\/strong><br>Die Urheber- und alle anderen Rechte an Inhalten, Bildern, Videos, Fotos oder anderen Dateien auf der Website geh\u00f6ren ausschliesslich der Firma B\u00fchler Schreinerei GmbH oder den speziell genannten Rechtsinhabern. F\u00fcr die Reproduktion jeglicher Elemente ist die schriftliche Zustimmung der Urheberrechtstr\u00e4ger im Voraus einzuholen.<\/p>\n<p><strong>Datenschutz und weitere Regelungen<\/strong><br>F\u00fcr die Sicherheit der Daten\u00fcbertragung im Internet k\u00f6nnen wir keine Gew\u00e4hr \u00fcbernehmen, insbesondere besteht bei der \u00dcbertragung von Daten per E-Mail die Gefahr des Zugriffs durch Dritte.<\/p>\n<p>Einer Nutzung der im Impressum ver\u00f6ffentlichten Kontaktdaten durch Dritte zu Werbezwecken wird hiermit ausdr\u00fccklich widersprochen. Der Betreiber beh\u00e4lt sich f\u00fcr den Fall unverlangt zugesandter Werbe- oder Informationsmaterialien ausdr\u00fccklich rechtliche Schritte vor.<\/p>\n<p>Sollten einzelne Regelungen oder Formulierungen dieses Haftungsausschlusses unwirksam sein oder werden, bleiben die \u00fcbrigen Regelungen in ihrem Inhalt und ihrer G\u00fcltigkeit hiervon unber\u00fchrt.<\/p>\n<p>Datum: 01.11.2025<\/p>\t\t\t\t\t\t\t\t<\/div>\n\t\t\t\t<\/div>\n\t\t\t\t\t<\/div>\n\t\t\t\t<\/div>\n\t\t\t\t<\/div>\n\t\t","protected":false},"excerpt":{"rendered":"<p>IMPRESSUM AdresseB\u00fchler Schreinerei GmbHInnerfeld 539606 B\u00fctschwil+41 71 983 15 51 RechtsformGesellschaft mit beschr\u00e4nkter Haftung (GmbH) Gesch\u00e4ftsf\u00fchrerMarco B\u00fchler HandelsregisternummerCH-320-4100359-0 Mehrwertsteuernummer (UID)\u00a0CHE-236.690.928 HaftungsausschlussEs wird keinerlei Gew\u00e4hr hinsichtlich der inhaltlichen Richtigkeit, Genauigkeit, Aktualit\u00e4t, Zuverl\u00e4ssigkeit und Vollst\u00e4ndigkeit der Informationen \u00fcbernommen. Haftungsanspr\u00fcche wegen Sch\u00e4den materieller oder immaterieller Art, welche aus dem Zugriff oder der Nutzung bzw. Nichtnutzung der ver\u00f6ffentlichten Informationen, &hellip; <\/p>\n<p class=\"link-more\"><a href=\"https:\/\/xn--bhler-schreinerei-22b.ch\/?page_id=209\" class=\"more-link\"><span class=\"screen-reader-text\">\u201eImpressum\u00a0\u201c <\/span>weiterlesen<\/a><\/p>\n","protected":false},"author":1,"featured_media":0,"parent":0,"menu_order":2,"comment_status":"closed","ping_status":"closed","template":"elementor_header_footer","meta":{"footnotes":""},"class_list":["post-209","page","type-page","status-publish","hentry"],"_links":{"self":[{"href":"https:\/\/xn--bhler-schreinerei-22b.ch\/index.php?rest_route=\/wp\/v2\/pages\/209","targetHints":{"allow":["GET"]}}],"collection":[{"href":"https:\/\/xn--bhler-schreinerei-22b.ch\/index.php?rest_route=\/wp\/v2\/pages"}],"about":[{"href":"https:\/\/xn--bhler-schreinerei-22b.ch\/index.php?rest_route=\/wp\/v2\/types\/page"}],"author":[{"embeddable":true,"href":"https:\/\/xn--bhler-schreinerei-22b.ch\/index.php?rest_route=\/wp\/v2\/users\/1"}],"replies":[{"embeddable":true,"href":"https:\/\/xn--bhler-schreinerei-22b.ch\/index.php?rest_route=%2Fwp%2Fv2%2Fcomments&post=209"}],"version-history":[{"count":38,"href":"https:\/\/xn--bhler-schreinerei-22b.ch\/index.php?rest_route=\/wp\/v2\/pages\/209\/revisions"}],"predecessor-version":[{"id":470,"href":"https:\/\/xn--bhler-schreinerei-22b.ch\/index.php?rest_route=\/wp\/v2\/pages\/209\/revisions\/470"}],"wp:attachment":[{"href":"https:\/\/xn--bhler-schreinerei-22b.ch\/index.php?rest_route=%2Fwp%2Fv2%2Fmedia&parent=209"}],"curies":[{"name":"wp","href":"https:\/\/api.w.org\/{rel}","templated":true}]}}