{"id":217,"date":"2025-10-17T13:02:15","date_gmt":"2025-10-17T11:02:15","guid":{"rendered":"https:\/\/xn--bhler-schreinerei-22b.ch\/?page_id=217"},"modified":"2025-11-03T19:16:08","modified_gmt":"2025-11-03T17:16:08","slug":"datenschutzerklaerung","status":"publish","type":"page","link":"https:\/\/xn--bhler-schreinerei-22b.ch\/?page_id=217","title":{"rendered":"Datenschutzerkl\u00e4rung"},"content":{"rendered":"\t\t<div data-elementor-type=\"wp-page\" data-elementor-id=\"217\" class=\"elementor elementor-217\" data-elementor-post-type=\"page\">\n\t\t\t\t<div class=\"elementor-element elementor-element-d3aeee6 e-flex e-con-boxed e-con e-parent\" data-id=\"d3aeee6\" data-element_type=\"container\" data-e-type=\"container\">\n\t\t\t\t\t<div class=\"e-con-inner\">\n\t\t\t\t<div class=\"elementor-element elementor-element-73926fd elementor-widget elementor-widget-heading\" data-id=\"73926fd\" data-element_type=\"widget\" data-e-type=\"widget\" data-widget_type=\"heading.default\">\n\t\t\t\t\t<h2 class=\"elementor-heading-title elementor-size-default\">DATENSCHUTZERKL\u00c4RUNG<\/h2>\t\t\t\t<\/div>\n\t\t\t\t\t<\/div>\n\t\t\t\t<\/div>\n\t\t<div class=\"elementor-element elementor-element-0dfcc7b e-flex e-con-boxed e-con e-parent\" data-id=\"0dfcc7b\" data-element_type=\"container\" data-e-type=\"container\">\n\t\t\t\t\t<div class=\"e-con-inner\">\n\t\t<div class=\"elementor-element elementor-element-1828c3b e-con-full e-flex e-con e-child\" data-id=\"1828c3b\" data-element_type=\"container\" data-e-type=\"container\">\n\t\t\t\t<div class=\"elementor-element elementor-element-ebfcc25 elementor-widget elementor-widget-text-editor\" data-id=\"ebfcc25\" data-element_type=\"widget\" data-e-type=\"widget\" data-widget_type=\"text-editor.default\">\n\t\t\t\t\t\t\t\t\t<p>Der Kunde wird mittels dieser Datenschutzerkl\u00e4rung informiert, wie die <strong>B\u00fchler Schreinerei GmbH<\/strong><br \/>mit der Erhebung, Nutzung, Weitergabe, Speicherung und dem Schutz der personenbezogenen Daten des Kunden umgeht. Diese Datenschutzerkl\u00e4rung gilt f\u00fcr die Webseite <a href=\"http:\/\/www.b\u00fchler-schreinerei.ch\">www.b\u00fchler-schreinerei.ch<\/a>.<\/p><p>Durch die Nutzung der Webseite nimmt der Kunde diese Datenschutzerkl\u00e4rung an und erkl\u00e4rt sich mit der Erhebung, Speicherung, Verarbeitung, Nutzung, Weitergabe und dem Schutz seiner personenbezogenen Daten einverstanden. Der Kunde kann seine Einwilligung jederzeit mit Wirkung f\u00fcr die Zukunft widerrufen.<\/p><p>Sollte der Kunde der\u00a0B\u00fchler Schreinerei GmbH<span style=\"font-size: 1rem;\">\u00a0erforderliche Daten nicht zur Verf\u00fcgung stellen, kann es allenfalls sein, dass er nicht das ganze Angebot der Webseite nutzen kann.<\/span><\/p>\t\t\t\t\t\t\t\t<\/div>\n\t\t\t\t<div class=\"elementor-element elementor-element-0b4df7f elementor-widget elementor-widget-n-accordion\" data-id=\"0b4df7f\" data-element_type=\"widget\" data-e-type=\"widget\" data-settings=\"{&quot;default_state&quot;:&quot;expanded&quot;,&quot;max_items_expended&quot;:&quot;one&quot;,&quot;n_accordion_animation_duration&quot;:{&quot;unit&quot;:&quot;ms&quot;,&quot;size&quot;:400,&quot;sizes&quot;:[]}}\" data-widget_type=\"nested-accordion.default\">\n\t\t\t\t\t\t\t<div class=\"e-n-accordion\" aria-label=\"Accordion. Open links with Enter or Space, close with Escape, and navigate with Arrow Keys\">\n\t\t\t\t\t\t<details id=\"e-n-accordion-item-1180\" class=\"e-n-accordion-item\" open>\n\t\t\t\t<summary class=\"e-n-accordion-item-title\" data-accordion-index=\"1\" tabindex=\"0\" aria-expanded=\"true\" aria-controls=\"e-n-accordion-item-1180\" >\n\t\t\t\t\t<span class='e-n-accordion-item-title-header'><div class=\"e-n-accordion-item-title-text\"> 1. Verantwortlichkeit <\/div><\/span>\n\t\t\t\t\t\t\t\t\t<\/summary>\n\t\t\t\t<div role=\"region\" aria-labelledby=\"e-n-accordion-item-1180\" class=\"elementor-element elementor-element-592e977 e-con-full e-flex e-con e-child\" data-id=\"592e977\" data-element_type=\"container\" data-e-type=\"container\">\n\t\t<div role=\"region\" aria-labelledby=\"e-n-accordion-item-1180\" class=\"elementor-element elementor-element-0174387 e-flex e-con-boxed e-con e-child\" data-id=\"0174387\" data-element_type=\"container\" data-e-type=\"container\">\n\t\t\t\t\t<div class=\"e-con-inner\">\n\t\t\t\t<div class=\"elementor-element elementor-element-155949f elementor-widget elementor-widget-text-editor\" data-id=\"155949f\" data-element_type=\"widget\" data-e-type=\"widget\" data-widget_type=\"text-editor.default\">\n\t\t\t\t\t\t\t\t\t<p>Die B\u00fchler Schreinerei GmbH erhebt und verarbeitet die Daten des Kunden als verantwortliche Stelle. Der Datenschutzbeauftragte der B\u00fchler Schreinerei GmbH ist Marco B\u00fchler. F\u00fcr Fragen, Anregungen oder Kritik zum Datenschutz der B\u00fchler Schreinerei GmbH oder zur Geltendmachung seiner Rechte kann der Kunde folgende Stelle kontaktieren:<\/p><p>B\u00fchler Schreinerei GmbH<br \/>Innerfeld 53<br \/>9606 B\u00fctschwil<br \/>+41 71 983 15 51<br \/>info@b-s-gmbh.ch<\/p>\t\t\t\t\t\t\t\t<\/div>\n\t\t\t\t\t<\/div>\n\t\t\t\t<\/div>\n\t\t\t\t<\/div>\n\t\t\t\t\t<\/details>\n\t\t\t\t\t\t<details id=\"e-n-accordion-item-1181\" class=\"e-n-accordion-item\" >\n\t\t\t\t<summary class=\"e-n-accordion-item-title\" data-accordion-index=\"2\" tabindex=\"-1\" aria-expanded=\"false\" aria-controls=\"e-n-accordion-item-1181\" >\n\t\t\t\t\t<span class='e-n-accordion-item-title-header'><div class=\"e-n-accordion-item-title-text\">  2. Personenbezogenen Daten <\/div><\/span>\n\t\t\t\t\t\t\t\t\t<\/summary>\n\t\t\t\t<div role=\"region\" aria-labelledby=\"e-n-accordion-item-1181\" class=\"elementor-element elementor-element-880c59b e-con-full e-flex e-con e-child\" data-id=\"880c59b\" data-element_type=\"container\" data-e-type=\"container\">\n\t\t<div role=\"region\" aria-labelledby=\"e-n-accordion-item-1181\" class=\"elementor-element elementor-element-0f5d033 e-flex e-con-boxed e-con e-child\" data-id=\"0f5d033\" data-element_type=\"container\" data-e-type=\"container\">\n\t\t\t\t\t<div class=\"e-con-inner\">\n\t\t\t\t<div class=\"elementor-element elementor-element-aaf23c4 elementor-widget elementor-widget-text-editor\" data-id=\"aaf23c4\" data-element_type=\"widget\" data-e-type=\"widget\" data-widget_type=\"text-editor.default\">\n\t\t\t\t\t\t\t\t\t<p>Unter \u201epersonenbezogenen Daten\u201c werden Informationen verstanden, die einer bestimmten Person zugeordnet oder zur Identifizierung dieser Person genutzt werden k\u00f6nnen, unabh\u00e4ngig davon, ob diese Zuordnung bzw. Identifizierung direkt auf Basis dieser Daten oder auf Basis dieser Daten und anderer zus\u00e4tzlicher Informationen erfolgt, auf die B\u00fchler Schreinerei GmbH Zugriff hat.<\/p>\t\t\t\t\t\t\t\t<\/div>\n\t\t\t\t\t<\/div>\n\t\t\t\t<\/div>\n\t\t\t\t<\/div>\n\t\t\t\t\t<\/details>\n\t\t\t\t\t\t<details id=\"e-n-accordion-item-1182\" class=\"e-n-accordion-item\" >\n\t\t\t\t<summary class=\"e-n-accordion-item-title\" data-accordion-index=\"3\" tabindex=\"-1\" aria-expanded=\"false\" aria-controls=\"e-n-accordion-item-1182\" >\n\t\t\t\t\t<span class='e-n-accordion-item-title-header'><div class=\"e-n-accordion-item-title-text\"> 3. Dauer der Speicherung Personenbezogenen Daten <\/div><\/span>\n\t\t\t\t\t\t\t\t\t<\/summary>\n\t\t\t\t<div role=\"region\" aria-labelledby=\"e-n-accordion-item-1182\" class=\"elementor-element elementor-element-aa0372f e-con-full e-flex e-con e-child\" data-id=\"aa0372f\" data-element_type=\"container\" data-e-type=\"container\">\n\t\t<div role=\"region\" aria-labelledby=\"e-n-accordion-item-1182\" class=\"elementor-element elementor-element-72c50fa e-flex e-con-boxed e-con e-child\" data-id=\"72c50fa\" data-element_type=\"container\" data-e-type=\"container\">\n\t\t\t\t\t<div class=\"e-con-inner\">\n\t\t\t\t<div class=\"elementor-element elementor-element-b47c7d5 elementor-widget elementor-widget-text-editor\" data-id=\"b47c7d5\" data-element_type=\"widget\" data-e-type=\"widget\" data-widget_type=\"text-editor.default\">\n\t\t\t\t\t\t\t\t\t<p>Die Kundendaten werden gel\u00f6scht, sobald sie f\u00fcr die Erf\u00fcllung des erhobenen Zwecks, bspw. im Rahmen eines Vertragsverh\u00e4ltnisses nicht mehr erforderlich sind. Allenfalls werden die Daten nur gesperrt, sofern aus rechtlichen oder tats\u00e4chlichen Gr\u00fcnden keine L\u00f6schung erfolgen kann (z.B. Aufbewahrungspflichten aufgrund steuerrechtlicher Vorgaben).<\/p><p>Die erhobenen Daten von Kunden gem\u00e4ss Ziff. 3 lit. b bleiben so lange gespeichert, bis die Kundenanfrage abgewickelt ist.<\/p>\t\t\t\t\t\t\t\t<\/div>\n\t\t\t\t\t<\/div>\n\t\t\t\t<\/div>\n\t\t\t\t<\/div>\n\t\t\t\t\t<\/details>\n\t\t\t\t\t\t<details id=\"e-n-accordion-item-1183\" class=\"e-n-accordion-item\" >\n\t\t\t\t<summary class=\"e-n-accordion-item-title\" data-accordion-index=\"4\" tabindex=\"-1\" aria-expanded=\"false\" aria-controls=\"e-n-accordion-item-1183\" >\n\t\t\t\t\t<span class='e-n-accordion-item-title-header'><div class=\"e-n-accordion-item-title-text\"> 4. Sicherheit <\/div><\/span>\n\t\t\t\t\t\t\t\t\t<\/summary>\n\t\t\t\t<div role=\"region\" aria-labelledby=\"e-n-accordion-item-1183\" class=\"elementor-element elementor-element-8e1f71f e-flex e-con-boxed e-con e-child\" data-id=\"8e1f71f\" data-element_type=\"container\" data-e-type=\"container\">\n\t\t\t\t\t<div class=\"e-con-inner\">\n\t\t<div role=\"region\" aria-labelledby=\"e-n-accordion-item-1183\" class=\"elementor-element elementor-element-e63d21b e-con-full e-flex e-con e-child\" data-id=\"e63d21b\" data-element_type=\"container\" data-e-type=\"container\">\n\t\t\t\t<div class=\"elementor-element elementor-element-aee293c elementor-widget elementor-widget-text-editor\" data-id=\"aee293c\" data-element_type=\"widget\" data-e-type=\"widget\" data-widget_type=\"text-editor.default\">\n\t\t\t\t\t\t\t\t\t<p>Die B\u00fchler Schreinerei GmbH sch\u00fctzt die Daten Ihrer Kunden durch technische und organisatorische Sicherheitsmassnahmen, um Risiken im Zusammenhang mit deren Verlust, Missbrauch, unberechtigtem Zugriff sowie unberechtigter Weitergabe und \u00c4nderung zu minimieren. Hierzu werden zum Beispiel Firewalls und Datenverschl\u00fcsselung, aber auch Berechtigungskontrollen f\u00fcr den Datenzugriff eingesetzt.<\/p>\t\t\t\t\t\t\t\t<\/div>\n\t\t\t\t<\/div>\n\t\t\t\t\t<\/div>\n\t\t\t\t<\/div>\n\t\t\t\t\t<\/details>\n\t\t\t\t\t\t<details id=\"e-n-accordion-item-1184\" class=\"e-n-accordion-item\" >\n\t\t\t\t<summary class=\"e-n-accordion-item-title\" data-accordion-index=\"5\" tabindex=\"-1\" aria-expanded=\"false\" aria-controls=\"e-n-accordion-item-1184\" >\n\t\t\t\t\t<span class='e-n-accordion-item-title-header'><div class=\"e-n-accordion-item-title-text\"> 5. Rechte des Kunden <\/div><\/span>\n\t\t\t\t\t\t\t\t\t<\/summary>\n\t\t\t\t<div role=\"region\" aria-labelledby=\"e-n-accordion-item-1184\" class=\"elementor-element elementor-element-7fa7266 e-flex e-con-boxed e-con e-child\" data-id=\"7fa7266\" data-element_type=\"container\" data-e-type=\"container\">\n\t\t\t\t\t<div class=\"e-con-inner\">\n\t\t<div role=\"region\" aria-labelledby=\"e-n-accordion-item-1184\" class=\"elementor-element elementor-element-5a9e778 e-con-full e-flex e-con e-child\" data-id=\"5a9e778\" data-element_type=\"container\" data-e-type=\"container\">\n\t\t\t\t<div class=\"elementor-element elementor-element-d0e359e elementor-widget elementor-widget-text-editor\" data-id=\"d0e359e\" data-element_type=\"widget\" data-e-type=\"widget\" data-widget_type=\"text-editor.default\">\n\t\t\t\t\t\t\t\t\t<p>Der Kunde kann zudem jederzeit Auskunft dar\u00fcber verlangen, welche Daten \u00fcber ihn gespeichert sind.<\/p><p>Er kann die Berichtigung, L\u00f6schung und Sperrung seiner personenbezogenen Daten verlangen, solange dies gesetzlich zul\u00e4ssig und im Rahmen eines bestehenden Vertragsverh\u00e4ltnisses m\u00f6glich ist.<br \/>Diese Rechte kann er \u00fcber die unter Ziff. 1 genannte Adresse geltend machen.<\/p>\t\t\t\t\t\t\t\t<\/div>\n\t\t\t\t<\/div>\n\t\t\t\t\t<\/div>\n\t\t\t\t<\/div>\n\t\t\t\t\t<\/details>\n\t\t\t\t\t\t<details id=\"e-n-accordion-item-1185\" class=\"e-n-accordion-item\" >\n\t\t\t\t<summary class=\"e-n-accordion-item-title\" data-accordion-index=\"6\" tabindex=\"-1\" aria-expanded=\"false\" aria-controls=\"e-n-accordion-item-1185\" >\n\t\t\t\t\t<span class='e-n-accordion-item-title-header'><div class=\"e-n-accordion-item-title-text\"> 6. \u00c4nderung dieser Datenschutzerkl\u00e4rung <\/div><\/span>\n\t\t\t\t\t\t\t\t\t<\/summary>\n\t\t\t\t<div role=\"region\" aria-labelledby=\"e-n-accordion-item-1185\" class=\"elementor-element elementor-element-2a28379 e-flex e-con-boxed e-con e-child\" data-id=\"2a28379\" data-element_type=\"container\" data-e-type=\"container\">\n\t\t\t\t\t<div class=\"e-con-inner\">\n\t\t<div role=\"region\" aria-labelledby=\"e-n-accordion-item-1185\" class=\"elementor-element elementor-element-bc456d4 e-con-full e-flex e-con e-child\" data-id=\"bc456d4\" data-element_type=\"container\" data-e-type=\"container\">\n\t\t\t\t<div class=\"elementor-element elementor-element-5c7f059 elementor-widget elementor-widget-text-editor\" data-id=\"5c7f059\" data-element_type=\"widget\" data-e-type=\"widget\" data-widget_type=\"text-editor.default\">\n\t\t\t\t\t\t\t\t\t<p>Die B\u00fchler Schreinerei GmbH ist berechtigt, diese Datenschutzerkl\u00e4rung jederzeit zu \u00e4ndern. Die ge\u00e4nderte Datenschutzerkl\u00e4rung wird auf der Webseite ver\u00f6ffentlicht und dem Kunden wird empfohlen diese von Zeit zu Zeit zu konsultieren um jeweils auf dem neusten Stand zu sein. Die B\u00fchler Schreinerei GmbH beh\u00e4lt sich bei wesentlichen \u00c4nderungen der Datenschutzerkl\u00e4rung vor, den Kunden per E-Mail dar\u00fcber zu informieren.<\/p>\t\t\t\t\t\t\t\t<\/div>\n\t\t\t\t<\/div>\n\t\t\t\t\t<\/div>\n\t\t\t\t<\/div>\n\t\t\t\t\t<\/details>\n\t\t\t\t\t<\/div>\n\t\t\t\t\t\t<\/div>\n\t\t\t\t<div class=\"elementor-element elementor-element-fe43d03 elementor-widget elementor-widget-text-editor\" data-id=\"fe43d03\" data-element_type=\"widget\" data-e-type=\"widget\" data-widget_type=\"text-editor.default\">\n\t\t\t\t\t\t\t\t\t<p>Datum: 01.11.2025<\/p>\t\t\t\t\t\t\t\t<\/div>\n\t\t\t\t<\/div>\n\t\t\t\t\t<\/div>\n\t\t\t\t<\/div>\n\t\t\t\t<\/div>\n\t\t","protected":false},"excerpt":{"rendered":"<p>DATENSCHUTZERKL\u00c4RUNG Der Kunde wird mittels dieser Datenschutzerkl\u00e4rung informiert, wie die B\u00fchler Schreinerei GmbHmit der Erhebung, Nutzung, Weitergabe, Speicherung und dem Schutz der personenbezogenen Daten des Kunden umgeht. Diese Datenschutzerkl\u00e4rung gilt f\u00fcr die Webseite www.b\u00fchler-schreinerei.ch. Durch die Nutzung der Webseite nimmt der Kunde diese Datenschutzerkl\u00e4rung an und erkl\u00e4rt sich mit der Erhebung, Speicherung, Verarbeitung, Nutzung, Weitergabe &hellip; <\/p>\n<p class=\"link-more\"><a href=\"https:\/\/xn--bhler-schreinerei-22b.ch\/?page_id=217\" class=\"more-link\"><span class=\"screen-reader-text\">\u201eDatenschutzerkl\u00e4rung\u201c <\/span>weiterlesen<\/a><\/p>\n","protected":false},"author":1,"featured_media":0,"parent":0,"menu_order":3,"comment_status":"closed","ping_status":"closed","template":"elementor_header_footer","meta":{"footnotes":""},"class_list":["post-217","page","type-page","status-publish","hentry"],"_links":{"self":[{"href":"https:\/\/xn--bhler-schreinerei-22b.ch\/index.php?rest_route=\/wp\/v2\/pages\/217","targetHints":{"allow":["GET"]}}],"collection":[{"href":"https:\/\/xn--bhler-schreinerei-22b.ch\/index.php?rest_route=\/wp\/v2\/pages"}],"about":[{"href":"https:\/\/xn--bhler-schreinerei-22b.ch\/index.php?rest_route=\/wp\/v2\/types\/page"}],"author":[{"embeddable":true,"href":"https:\/\/xn--bhler-schreinerei-22b.ch\/index.php?rest_route=\/wp\/v2\/users\/1"}],"replies":[{"embeddable":true,"href":"https:\/\/xn--bhler-schreinerei-22b.ch\/index.php?rest_route=%2Fwp%2Fv2%2Fcomments&post=217"}],"version-history":[{"count":55,"href":"https:\/\/xn--bhler-schreinerei-22b.ch\/index.php?rest_route=\/wp\/v2\/pages\/217\/revisions"}],"predecessor-version":[{"id":473,"href":"https:\/\/xn--bhler-schreinerei-22b.ch\/index.php?rest_route=\/wp\/v2\/pages\/217\/revisions\/473"}],"wp:attachment":[{"href":"https:\/\/xn--bhler-schreinerei-22b.ch\/index.php?rest_route=%2Fwp%2Fv2%2Fmedia&parent=217"}],"curies":[{"name":"wp","href":"https:\/\/api.w.org\/{rel}","templated":true}]}}